{"id":355,"date":"2026-03-31T22:40:32","date_gmt":"2026-03-31T20:40:32","guid":{"rendered":"https:\/\/sklep.tlumaczeniauwielbienia.pl\/?post_type=product&#038;p=355"},"modified":"2026-03-31T22:44:14","modified_gmt":"2026-03-31T20:44:14","slug":"throne-room-charity-gayle","status":"publish","type":"product","link":"https:\/\/sklep.tlumaczeniauwielbienia.pl\/?product=throne-room-charity-gayle","title":{"rendered":"Throne Room Song \u2014 Charity Gayle"},"content":{"rendered":"","protected":false},"excerpt":{"rendered":"<p class=\"p1\">Kupuj\u0105c ten produkt, otrzymasz tekst piosenki w formacie PDF, plik edytowalny w DOC, pilot wokalny w formacie MP3, plik do wy\u015bwietlania w programie ProPresenter oraz plik do wy\u015bwietlania w programie OpenSong. Pakiet w ZIP otrzymasz na maila natychmiast po dokonaniu p\u0142atno\u015bci.<\/p>\n","protected":false},"featured_media":356,"template":"","meta":[],"product_brand":[],"product_cat":[15],"product_tag":[],"class_list":{"0":"post-355","1":"product","2":"type-product","3":"status-publish","4":"has-post-thumbnail","6":"product_cat-bez-kategorii","8":"first","9":"instock","10":"downloadable","11":"virtual","12":"purchasable","13":"product-type-simple"},"_links":{"self":[{"href":"https:\/\/sklep.tlumaczeniauwielbienia.pl\/index.php?rest_route=\/wp\/v2\/product\/355","targetHints":{"allow":["GET"]}}],"collection":[{"href":"https:\/\/sklep.tlumaczeniauwielbienia.pl\/index.php?rest_route=\/wp\/v2\/product"}],"about":[{"href":"https:\/\/sklep.tlumaczeniauwielbienia.pl\/index.php?rest_route=\/wp\/v2\/types\/product"}],"wp:featuredmedia":[{"embeddable":true,"href":"https:\/\/sklep.tlumaczeniauwielbienia.pl\/index.php?rest_route=\/wp\/v2\/media\/356"}],"wp:attachment":[{"href":"https:\/\/sklep.tlumaczeniauwielbienia.pl\/index.php?rest_route=%2Fwp%2Fv2%2Fmedia&parent=355"}],"wp:term":[{"taxonomy":"product_brand","embeddable":true,"href":"https:\/\/sklep.tlumaczeniauwielbienia.pl\/index.php?rest_route=%2Fwp%2Fv2%2Fproduct_brand&post=355"},{"taxonomy":"product_cat","embeddable":true,"href":"https:\/\/sklep.tlumaczeniauwielbienia.pl\/index.php?rest_route=%2Fwp%2Fv2%2Fproduct_cat&post=355"},{"taxonomy":"product_tag","embeddable":true,"href":"https:\/\/sklep.tlumaczeniauwielbienia.pl\/index.php?rest_route=%2Fwp%2Fv2%2Fproduct_tag&post=355"}],"curies":[{"name":"wp","href":"https:\/\/api.w.org\/{rel}","templated":true}]}}